{"id":542,"date":"2022-05-01T19:27:01","date_gmt":"2022-05-01T19:27:01","guid":{"rendered":"https:\/\/idoit4youfoundation.com\/?page_id=542"},"modified":"2023-05-25T18:05:52","modified_gmt":"2023-05-25T18:05:52","slug":"igy-tamogathatsz","status":"publish","type":"page","link":"https:\/\/idoit4youfoundation.com\/en\/igy-tamogathatsz\/","title":{"rendered":"\u00cdgy t\u00e1mogathatsz"},"content":{"rendered":"<div data-elementor-type=\"wp-page\" data-elementor-id=\"542\" class=\"elementor elementor-542\" data-elementor-post-type=\"page\">\n\t\t\t\t\t\t\t\t\t<section class=\"elementor-section elementor-top-section elementor-element elementor-element-23cc4d5 elementor-section-stretched elementor-section-boxed elementor-section-height-default elementor-section-height-default\" data-id=\"23cc4d5\" data-element_type=\"section\" data-settings=\"{&quot;stretch_section&quot;:&quot;section-stretched&quot;,&quot;background_background&quot;:&quot;classic&quot;}\">\n\t\t\t\t\t\t<div class=\"elementor-container elementor-column-gap-default\">\n\t\t\t\t\t<div class=\"elementor-column elementor-col-100 elementor-top-column elementor-element elementor-element-259f5ec\" data-id=\"259f5ec\" data-element_type=\"column\">\n\t\t\t<div class=\"elementor-widget-wrap elementor-element-populated\">\n\t\t\t\t\t\t\t\t<div class=\"elementor-element elementor-element-e99c178 elementor-widget elementor-widget-heading\" data-id=\"e99c178\" data-element_type=\"widget\" data-widget_type=\"heading.default\">\n\t\t\t\t<div class=\"elementor-widget-container\">\n\t\t\t<style>\/*! elementor - v3.15.0 - 20-08-2023 *\/\n.elementor-heading-title{padding:0;margin:0;line-height:1}.elementor-widget-heading .elementor-heading-title[class*=elementor-size-]>a{color:inherit;font-size:inherit;line-height:inherit}.elementor-widget-heading .elementor-heading-title.elementor-size-small{font-size:15px}.elementor-widget-heading .elementor-heading-title.elementor-size-medium{font-size:19px}.elementor-widget-heading .elementor-heading-title.elementor-size-large{font-size:29px}.elementor-widget-heading .elementor-heading-title.elementor-size-xl{font-size:39px}.elementor-widget-heading .elementor-heading-title.elementor-size-xxl{font-size:59px}<\/style><h2 class=\"elementor-heading-title elementor-size-default\">Be our supporter!<\/h2>\t\t<\/div>\n\t\t\t\t<\/div>\n\t\t\t\t<section class=\"elementor-section elementor-inner-section elementor-element elementor-element-5434959 elementor-section-boxed elementor-section-height-default elementor-section-height-default\" data-id=\"5434959\" data-element_type=\"section\">\n\t\t\t\t\t\t<div class=\"elementor-container elementor-column-gap-default\">\n\t\t\t\t\t<div class=\"elementor-column elementor-col-50 elementor-inner-column elementor-element elementor-element-34784e7\" data-id=\"34784e7\" data-element_type=\"column\">\n\t\t\t<div class=\"elementor-widget-wrap elementor-element-populated\">\n\t\t\t\t\t\t\t\t<div class=\"elementor-element elementor-element-c674ddc elementor-widget elementor-widget-text-editor\" data-id=\"c674ddc\" data-element_type=\"widget\" data-widget_type=\"text-editor.default\">\n\t\t\t\t<div class=\"elementor-widget-container\">\n\t\t\t<style>\/*! elementor - v3.15.0 - 20-08-2023 *\/\n.elementor-widget-text-editor.elementor-drop-cap-view-stacked .elementor-drop-cap{background-color:#69727d;color:#fff}.elementor-widget-text-editor.elementor-drop-cap-view-framed .elementor-drop-cap{color:#69727d;border:3px solid;background-color:transparent}.elementor-widget-text-editor:not(.elementor-drop-cap-view-default) .elementor-drop-cap{margin-top:8px}.elementor-widget-text-editor:not(.elementor-drop-cap-view-default) .elementor-drop-cap-letter{width:1em;height:1em}.elementor-widget-text-editor .elementor-drop-cap{float:left;text-align:center;line-height:1;font-size:50px}.elementor-widget-text-editor .elementor-drop-cap-letter{display:inline-block}<\/style>\t\t\t\t<p>We are grateful for all donations, even small ones. You can donate the following way.<\/p>\t\t\t\t\t\t<\/div>\n\t\t\t\t<\/div>\n\t\t\t\t\t<\/div>\n\t\t<\/div>\n\t\t\t\t<div class=\"elementor-column elementor-col-50 elementor-inner-column elementor-element elementor-element-c2570b4\" data-id=\"c2570b4\" data-element_type=\"column\">\n\t\t\t<div class=\"elementor-widget-wrap\">\n\t\t\t\t\t\t\t\t\t<\/div>\n\t\t<\/div>\n\t\t\t\t\t\t\t<\/div>\n\t\t<\/section>\n\t\t\t\t\t<\/div>\n\t\t<\/div>\n\t\t\t\t\t\t\t<\/div>\n\t\t<\/section>\n\t\t\t\t<section class=\"elementor-section elementor-top-section elementor-element elementor-element-fcf4019 elementor-section-boxed elementor-section-height-default elementor-section-height-default\" data-id=\"fcf4019\" data-element_type=\"section\">\n\t\t\t\t\t\t<div class=\"elementor-container elementor-column-gap-default\">\n\t\t\t\t\t<div class=\"elementor-column elementor-col-50 elementor-top-column elementor-element elementor-element-ede75c4\" data-id=\"ede75c4\" data-element_type=\"column\">\n\t\t\t<div class=\"elementor-widget-wrap elementor-element-populated\">\n\t\t\t\t\t\t\t\t<div class=\"elementor-element elementor-element-ee43a1c elementor-widget elementor-widget-spacer\" data-id=\"ee43a1c\" data-element_type=\"widget\" data-widget_type=\"spacer.default\">\n\t\t\t\t<div class=\"elementor-widget-container\">\n\t\t\t<style>\/*! elementor - v3.15.0 - 20-08-2023 *\/\n.elementor-column .elementor-spacer-inner{height:var(--spacer-size)}.e-con{--container-widget-width:100%}.e-con-inner>.elementor-widget-spacer,.e-con>.elementor-widget-spacer{width:var(--container-widget-width,var(--spacer-size));--align-self:var(--container-widget-align-self,initial);--flex-shrink:0}.e-con-inner>.elementor-widget-spacer>.elementor-widget-container,.e-con-inner>.elementor-widget-spacer>.elementor-widget-container>.elementor-spacer,.e-con>.elementor-widget-spacer>.elementor-widget-container,.e-con>.elementor-widget-spacer>.elementor-widget-container>.elementor-spacer{height:100%}.e-con-inner>.elementor-widget-spacer>.elementor-widget-container>.elementor-spacer>.elementor-spacer-inner,.e-con>.elementor-widget-spacer>.elementor-widget-container>.elementor-spacer>.elementor-spacer-inner{height:var(--container-widget-height,var(--spacer-size))}<\/style>\t\t<div class=\"elementor-spacer\">\n\t\t\t<div class=\"elementor-spacer-inner\"><\/div>\n\t\t<\/div>\n\t\t\t\t<\/div>\n\t\t\t\t<\/div>\n\t\t\t\t<div class=\"elementor-element elementor-element-9949fca elementor-widget elementor-widget-text-editor\" data-id=\"9949fca\" data-element_type=\"widget\" data-widget_type=\"text-editor.default\">\n\t\t\t\t<div class=\"elementor-widget-container\">\n\t\t\t\t\t\t\t<p>If you wish to support our mission financially, please send your donation here:<\/p><p>K\u00f6vetkez\u0151 linken:<\/p><p><a href=\"https:\/\/linktr.ee\/idpit4you\">https:\/\/linktr.ee\/idoit4you<\/a><\/p><p>Paypall:<\/p><p><img loading=\"lazy\" decoding=\"async\" class=\"alignnone size-medium wp-image-1212\" src=\"https:\/\/idoit4youfoundation.com\/wp-content\/uploads\/2023\/05\/qrcode-1-300x300.png\" alt=\"\" width=\"300\" height=\"300\" srcset=\"https:\/\/idoit4youfoundation.com\/wp-content\/uploads\/2023\/05\/qrcode-1-300x300.png 300w, https:\/\/idoit4youfoundation.com\/wp-content\/uploads\/2023\/05\/qrcode-1-150x150.png 150w, https:\/\/idoit4youfoundation.com\/wp-content\/uploads\/2023\/05\/qrcode-1-12x12.png 12w, https:\/\/idoit4youfoundation.com\/wp-content\/uploads\/2023\/05\/qrcode-1.png 500w\" sizes=\"auto, (max-width: 300px) 100vw, 300px\" \/><\/p><p>Fundation I do it 4 you<\/p><p>CEC Bank S.A.<\/p><p>Romania, County of Hargita, Gyergy\u00f3szentmikl\u00f3s<\/p><p>IBAN: RO74CECEB00030RON2129844<\/p><p>SWIFT\/BIC: CECEROBU<\/p>\t\t\t\t\t\t<\/div>\n\t\t\t\t<\/div>\n\t\t\t\t<div class=\"elementor-element elementor-element-4d2025d elementor-widget elementor-widget-heading\" data-id=\"4d2025d\" data-element_type=\"widget\" data-widget_type=\"heading.default\">\n\t\t\t\t<div class=\"elementor-widget-container\">\n\t\t\t<h2 class=\"elementor-heading-title elementor-size-default\">Seg\u00edten\u00ed sz\u00edvvel \u00e9s \u00e9sszel !!<\/h2>\t\t<\/div>\n\t\t\t\t<\/div>\n\t\t\t\t<div class=\"elementor-element elementor-element-a40aa3a elementor-widget elementor-widget-text-editor\" data-id=\"a40aa3a\" data-element_type=\"widget\" data-widget_type=\"text-editor.default\">\n\t\t\t\t<div class=\"elementor-widget-container\">\n\t\t\t\t\t\t\t<p>Ha pedig Magyarorsz\u00e1gr\u00f3l utalsz \u00e9s anyagilag szeretn\u00e9d t\u00e1mogatni munk\u00e1ss\u00e1gunkat, k\u00e9r\u00fcnk, adom\u00e1nyodat ide k\u00fcldd:<\/p><p><strong>11713218-21459052 OTP BANK<\/strong><\/p><p>\u00c9rted Teszem Alap\u00edtv\u00e1ny<\/p>\t\t\t\t\t\t<\/div>\n\t\t\t\t<\/div>\n\t\t\t\t\t<\/div>\n\t\t<\/div>\n\t\t\t\t<div class=\"elementor-column elementor-col-50 elementor-top-column elementor-element elementor-element-ce02c7b\" data-id=\"ce02c7b\" data-element_type=\"column\">\n\t\t\t<div class=\"elementor-widget-wrap elementor-element-populated\">\n\t\t\t\t\t\t\t\t<div class=\"elementor-element elementor-element-0fbfd6a elementor-widget elementor-widget-image\" data-id=\"0fbfd6a\" data-element_type=\"widget\" data-widget_type=\"image.default\">\n\t\t\t\t<div class=\"elementor-widget-container\">\n\t\t\t<style>\/*! elementor - v3.15.0 - 20-08-2023 *\/\n.elementor-widget-image{text-align:center}.elementor-widget-image a{display:inline-block}.elementor-widget-image a img[src$=\".svg\"]{width:48px}.elementor-widget-image img{vertical-align:middle;display:inline-block}<\/style>\t\t\t\t\t\t\t\t\t\t\t\t<img loading=\"lazy\" decoding=\"async\" width=\"683\" height=\"1024\" src=\"https:\/\/idoit4youfoundation.com\/wp-content\/uploads\/2022\/04\/we-belong-together-683x1024-1.jpg\" class=\"attachment-large size-large wp-image-419\" alt=\"\" srcset=\"https:\/\/idoit4youfoundation.com\/wp-content\/uploads\/2022\/04\/we-belong-together-683x1024-1.jpg 683w, https:\/\/idoit4youfoundation.com\/wp-content\/uploads\/2022\/04\/we-belong-together-683x1024-1-200x300.jpg 200w\" sizes=\"auto, (max-width: 683px) 100vw, 683px\" \/>\t\t\t\t\t\t\t\t\t\t\t\t\t\t\t<\/div>\n\t\t\t\t<\/div>\n\t\t\t\t\t<\/div>\n\t\t<\/div>\n\t\t\t\t\t\t\t<\/div>\n\t\t<\/section>\n\t\t\t\t<section class=\"elementor-section elementor-top-section elementor-element elementor-element-db8b8cf elementor-section-boxed elementor-section-height-default elementor-section-height-default\" data-id=\"db8b8cf\" data-element_type=\"section\">\n\t\t\t\t\t\t<div class=\"elementor-container elementor-column-gap-default\">\n\t\t\t\t\t<div class=\"elementor-column elementor-col-100 elementor-top-column elementor-element elementor-element-5a5b3b8\" data-id=\"5a5b3b8\" data-element_type=\"column\">\n\t\t\t<div class=\"elementor-widget-wrap\">\n\t\t\t\t\t\t\t\t\t<\/div>\n\t\t<\/div>\n\t\t\t\t\t\t\t<\/div>\n\t\t<\/section>\n\t\t\t\t\t\t\t<\/div>","protected":false},"excerpt":{"rendered":"<p>Legy\u00e9l a t\u00e1mogat\u00f3nk! Minden t\u00e1mogat\u00e1snak nagyon \u00f6r\u00fcl\u00fcnk, m\u00e9g a legkisebbnek is. T\u00e1mogat\u00e1s\u00e1t a k\u00f6vetkez\u0151k\u00e9ppen teheti meg: Ha anyagilag szeretn\u00e9d t\u00e1mogatni munk\u00e1ss\u00e1gunkat, k\u00e9r\u00fcnk, adom\u00e1nyodat ide k\u00fcldd: K\u00f6vetkez\u0151 linken: https:\/\/linktr.ee\/idoit4you Paypall: Fundation I do it 4 you CEC Bank S.A. Rom\u00e1nia, Hargita megye, Gyergy\u00f3szentmikl\u00f3s IBAN: RO74CECEB00030RON2129844 SWIFT\/BIC: CECEROBU Seg\u00edten\u00ed sz\u00edvvel \u00e9s \u00e9sszel !! Ha pedig Magyarorsz\u00e1gr\u00f3l utalsz &#8230; <a title=\"\u00cdgy t\u00e1mogathatsz\" class=\"read-more\" href=\"https:\/\/idoit4youfoundation.com\/en\/igy-tamogathatsz\/\" aria-label=\"More on \u00cdgy t\u00e1mogathatsz\">Read more<\/a><\/p>","protected":false},"author":1,"featured_media":0,"parent":0,"menu_order":0,"comment_status":"closed","ping_status":"closed","template":"","meta":{"footnotes":""},"class_list":["post-542","page","type-page","status-publish"],"_links":{"self":[{"href":"https:\/\/idoit4youfoundation.com\/en\/wp-json\/wp\/v2\/pages\/542","targetHints":{"allow":["GET"]}}],"collection":[{"href":"https:\/\/idoit4youfoundation.com\/en\/wp-json\/wp\/v2\/pages"}],"about":[{"href":"https:\/\/idoit4youfoundation.com\/en\/wp-json\/wp\/v2\/types\/page"}],"author":[{"embeddable":true,"href":"https:\/\/idoit4youfoundation.com\/en\/wp-json\/wp\/v2\/users\/1"}],"replies":[{"embeddable":true,"href":"https:\/\/idoit4youfoundation.com\/en\/wp-json\/wp\/v2\/comments?post=542"}],"version-history":[{"count":18,"href":"https:\/\/idoit4youfoundation.com\/en\/wp-json\/wp\/v2\/pages\/542\/revisions"}],"predecessor-version":[{"id":1222,"href":"https:\/\/idoit4youfoundation.com\/en\/wp-json\/wp\/v2\/pages\/542\/revisions\/1222"}],"wp:attachment":[{"href":"https:\/\/idoit4youfoundation.com\/en\/wp-json\/wp\/v2\/media?parent=542"}],"curies":[{"name":"wp","href":"https:\/\/api.w.org\/{rel}","templated":true}]}}