{"id":1859,"date":"2025-02-19T14:56:04","date_gmt":"2025-02-19T14:56:04","guid":{"rendered":"https:\/\/idoit4youfoundation.com\/?page_id=1859"},"modified":"2025-03-02T21:18:36","modified_gmt":"2025-03-02T21:18:36","slug":"3days3acts","status":"publish","type":"page","link":"https:\/\/idoit4youfoundation.com\/ro\/3days3acts\/","title":{"rendered":"3Days3Acts"},"content":{"rendered":"<div data-elementor-type=\"wp-page\" data-elementor-id=\"1859\" class=\"elementor elementor-1859\" data-elementor-post-type=\"page\">\n\t\t\t\t\t\t\t\t\t<section class=\"elementor-section elementor-top-section elementor-element elementor-element-2c6d4ca elementor-section-full_width elementor-section-height-default elementor-section-height-default\" data-id=\"2c6d4ca\" data-element_type=\"section\" data-settings=\"{&quot;background_background&quot;:&quot;classic&quot;,&quot;background_motion_fx_motion_fx_scrolling&quot;:&quot;yes&quot;,&quot;background_motion_fx_scale_effect&quot;:&quot;yes&quot;,&quot;background_motion_fx_scale_speed&quot;:{&quot;unit&quot;:&quot;px&quot;,&quot;size&quot;:2,&quot;sizes&quot;:[]},&quot;background_motion_fx_scale_direction&quot;:&quot;out-in&quot;,&quot;background_motion_fx_scale_range&quot;:{&quot;unit&quot;:&quot;%&quot;,&quot;size&quot;:&quot;&quot;,&quot;sizes&quot;:{&quot;start&quot;:20,&quot;end&quot;:80}},&quot;background_motion_fx_devices&quot;:[&quot;desktop&quot;,&quot;tablet&quot;,&quot;mobile&quot;]}\">\n\t\t\t\t\t\t<div class=\"elementor-container elementor-column-gap-default\">\n\t\t\t\t\t<div class=\"elementor-column elementor-col-100 elementor-top-column elementor-element elementor-element-83d6f3d\" data-id=\"83d6f3d\" data-element_type=\"column\">\n\t\t\t<div class=\"elementor-widget-wrap elementor-element-populated\">\n\t\t\t\t\t\t\t\t<div class=\"elementor-element elementor-element-bed320b elementor-widget elementor-widget-spacer\" data-id=\"bed320b\" data-element_type=\"widget\" data-widget_type=\"spacer.default\">\n\t\t\t\t<div class=\"elementor-widget-container\">\n\t\t\t<style>\/*! elementor - v3.15.0 - 20-08-2023 *\/\n.elementor-column .elementor-spacer-inner{height:var(--spacer-size)}.e-con{--container-widget-width:100%}.e-con-inner>.elementor-widget-spacer,.e-con>.elementor-widget-spacer{width:var(--container-widget-width,var(--spacer-size));--align-self:var(--container-widget-align-self,initial);--flex-shrink:0}.e-con-inner>.elementor-widget-spacer>.elementor-widget-container,.e-con-inner>.elementor-widget-spacer>.elementor-widget-container>.elementor-spacer,.e-con>.elementor-widget-spacer>.elementor-widget-container,.e-con>.elementor-widget-spacer>.elementor-widget-container>.elementor-spacer{height:100%}.e-con-inner>.elementor-widget-spacer>.elementor-widget-container>.elementor-spacer>.elementor-spacer-inner,.e-con>.elementor-widget-spacer>.elementor-widget-container>.elementor-spacer>.elementor-spacer-inner{height:var(--container-widget-height,var(--spacer-size))}<\/style>\t\t<div class=\"elementor-spacer\">\n\t\t\t<div class=\"elementor-spacer-inner\"><\/div>\n\t\t<\/div>\n\t\t\t\t<\/div>\n\t\t\t\t<\/div>\n\t\t\t\t\t<\/div>\n\t\t<\/div>\n\t\t\t\t\t\t\t<\/div>\n\t\t<\/section>\n\t\t\t\t<section class=\"elementor-section elementor-top-section elementor-element elementor-element-3555573 elementor-section-full_width elementor-section-height-default elementor-section-height-default\" data-id=\"3555573\" data-element_type=\"section\">\n\t\t\t\t\t\t<div class=\"elementor-container elementor-column-gap-default\">\n\t\t\t\t\t<div class=\"elementor-column elementor-col-100 elementor-top-column elementor-element elementor-element-20dd52f\" data-id=\"20dd52f\" data-element_type=\"column\">\n\t\t\t<div class=\"elementor-widget-wrap elementor-element-populated\">\n\t\t\t\t\t\t\t\t<div class=\"elementor-element elementor-element-c4281df elementor-widget elementor-widget-heading\" data-id=\"c4281df\" data-element_type=\"widget\" data-widget_type=\"heading.default\">\n\t\t\t\t<div class=\"elementor-widget-container\">\n\t\t\t<style>\/*! elementor - v3.15.0 - 20-08-2023 *\/\n.elementor-heading-title{padding:0;margin:0;line-height:1}.elementor-widget-heading .elementor-heading-title[class*=elementor-size-]>a{color:inherit;font-size:inherit;line-height:inherit}.elementor-widget-heading .elementor-heading-title.elementor-size-small{font-size:15px}.elementor-widget-heading .elementor-heading-title.elementor-size-medium{font-size:19px}.elementor-widget-heading .elementor-heading-title.elementor-size-large{font-size:29px}.elementor-widget-heading .elementor-heading-title.elementor-size-xl{font-size:39px}.elementor-widget-heading .elementor-heading-title.elementor-size-xxl{font-size:59px}<\/style><h1 class=\"elementor-heading-title elementor-size-default\">CSATLAKOZZ A J\u00d3T\u00c9KONYS\u00c1GI KAMP\u00c1NYHOZ!<\/h1>\t\t<\/div>\n\t\t\t\t<\/div>\n\t\t\t\t\t<\/div>\n\t\t<\/div>\n\t\t\t\t\t\t\t<\/div>\n\t\t<\/section>\n\t\t\t\t<section class=\"elementor-section elementor-top-section elementor-element elementor-element-870c9c3 elementor-section-boxed elementor-section-height-default elementor-section-height-default\" data-id=\"870c9c3\" data-element_type=\"section\" data-settings=\"{&quot;background_background&quot;:&quot;classic&quot;}\">\n\t\t\t\t\t\t<div class=\"elementor-container elementor-column-gap-default\">\n\t\t\t\t\t<div class=\"elementor-column elementor-col-100 elementor-top-column elementor-element elementor-element-498c61e\" data-id=\"498c61e\" data-element_type=\"column\">\n\t\t\t<div class=\"elementor-widget-wrap elementor-element-populated\">\n\t\t\t\t\t\t\t\t<div class=\"elementor-element elementor-element-d5317af elementor-widget elementor-widget-text-editor\" data-id=\"d5317af\" data-element_type=\"widget\" data-widget_type=\"text-editor.default\">\n\t\t\t\t<div class=\"elementor-widget-container\">\n\t\t\t<style>\/*! elementor - v3.15.0 - 20-08-2023 *\/\n.elementor-widget-text-editor.elementor-drop-cap-view-stacked .elementor-drop-cap{background-color:#69727d;color:#fff}.elementor-widget-text-editor.elementor-drop-cap-view-framed .elementor-drop-cap{color:#69727d;border:3px solid;background-color:transparent}.elementor-widget-text-editor:not(.elementor-drop-cap-view-default) .elementor-drop-cap{margin-top:8px}.elementor-widget-text-editor:not(.elementor-drop-cap-view-default) .elementor-drop-cap-letter{width:1em;height:1em}.elementor-widget-text-editor .elementor-drop-cap{float:left;text-align:center;line-height:1;font-size:50px}.elementor-widget-text-editor .elementor-drop-cap-letter{display:inline-block}<\/style>\t\t\t\t<p style=\"text-align: center;\">cel <strong>I do it 4 You Foundation<\/strong> \u0219i asta <strong>Funda\u021bia O fac pentru tine<\/strong> egy k\u00fcl\u00f6nleges j\u00f3t\u00e9konys\u00e1gi<br \/>kamp\u00e1nyt hirdet, amelyhez b\u00e1rki csatlakozhat!<\/p><p style=\"text-align: center;\" class=\" translation-block\">Legy\u00e9l r\u00e9sze te is, bar\u00e1taiddal, koll\u00e9g\u00e1iddal,<br>iskolat\u00e1rsaiddal, vagy ak\u00e1r c\u00e9geddel, \u00e9s <strong>t\u00e1mogass h\u00e1rom fontos c\u00e9lt h\u00e1rom napon kereszt\u00fcl!<\/strong><\/p>\t\t\t\t\t\t<\/div>\n\t\t\t\t<\/div>\n\t\t\t\t\t<\/div>\n\t\t<\/div>\n\t\t\t\t\t\t\t<\/div>\n\t\t<\/section>\n\t\t\t\t<section class=\"elementor-section elementor-top-section elementor-element elementor-element-8f831bc elementor-section-boxed elementor-section-height-default elementor-section-height-default\" data-id=\"8f831bc\" data-element_type=\"section\" data-settings=\"{&quot;background_background&quot;:&quot;classic&quot;}\">\n\t\t\t\t\t\t<div class=\"elementor-container elementor-column-gap-default\">\n\t\t\t\t\t<div class=\"elementor-column elementor-col-100 elementor-top-column elementor-element elementor-element-9e13b6e\" data-id=\"9e13b6e\" data-element_type=\"column\">\n\t\t\t<div class=\"elementor-widget-wrap elementor-element-populated\">\n\t\t\t\t\t\t\t\t<div class=\"elementor-element elementor-element-fbef47a elementor-invisible elementor-widget elementor-widget-heading\" data-id=\"fbef47a\" data-element_type=\"widget\" data-settings=\"{&quot;_animation&quot;:&quot;fadeInDown&quot;}\" data-widget_type=\"heading.default\">\n\t\t\t\t<div class=\"elementor-widget-container\">\n\t\t\t<h1 class=\"elementor-heading-title elementor-size-default\">A KAMP\u00c1NY C\u00c9LJA<\/h1>\t\t<\/div>\n\t\t\t\t<\/div>\n\t\t\t\t<div class=\"elementor-element elementor-element-c291bb8 animated-slow elementor-invisible elementor-widget elementor-widget-heading\" data-id=\"c291bb8\" data-element_type=\"widget\" data-settings=\"{&quot;_animation&quot;:&quot;fadeInUp&quot;}\" data-widget_type=\"heading.default\">\n\t\t\t\t<div class=\"elementor-widget-container\">\n\t\t\t<h3 class=\"elementor-heading-title elementor-size-default translation-block\"><span>H\u00e1rom nap alatt h\u00e1rom j\u00f3cselekedet v\u00e9grehajt\u00e1sa, vagy h\u00e1rom j\u00f3t\u00e9kony c\u00e9l t\u00e1mogat\u00e1sa. A <\/span><span\">k\u00f6vetkez\u0151 h\u00e1rom ter\u00fcletet c\u00e9lozzuk meg:<\/span\"><\/h3>\t\t<\/div>\n\t\t\t\t<\/div>\n\t\t\t\t\t<\/div>\n\t\t<\/div>\n\t\t\t\t\t\t\t<\/div>\n\t\t<\/section>\n\t\t\t\t<section class=\"elementor-section elementor-top-section elementor-element elementor-element-87d1957 elementor-section-full_width elementor-section-height-default elementor-section-height-default\" data-id=\"87d1957\" data-element_type=\"section\" data-settings=\"{&quot;background_background&quot;:&quot;classic&quot;}\">\n\t\t\t\t\t\t<div class=\"elementor-container elementor-column-gap-default\">\n\t\t\t\t\t<div class=\"elementor-column elementor-col-33 elementor-top-column elementor-element elementor-element-36e01f8\" data-id=\"36e01f8\" data-element_type=\"column\">\n\t\t\t<div class=\"elementor-widget-wrap elementor-element-populated\">\n\t\t\t\t\t\t\t\t<div class=\"elementor-element elementor-element-3f2e13d elementor-position-top elementor-widget elementor-widget-image-box\" data-id=\"3f2e13d\" data-element_type=\"widget\" data-widget_type=\"image-box.default\">\n\t\t\t\t<div class=\"elementor-widget-container\">\n\t\t\t<style>\/*! elementor - v3.15.0 - 20-08-2023 *\/\n.elementor-widget-image-box .elementor-image-box-content{width:100%}@media (min-width:768px){.elementor-widget-image-box.elementor-position-left .elementor-image-box-wrapper,.elementor-widget-image-box.elementor-position-right .elementor-image-box-wrapper{display:flex}.elementor-widget-image-box.elementor-position-right .elementor-image-box-wrapper{text-align:right;flex-direction:row-reverse}.elementor-widget-image-box.elementor-position-left .elementor-image-box-wrapper{text-align:left;flex-direction:row}.elementor-widget-image-box.elementor-position-top .elementor-image-box-img{margin:auto}.elementor-widget-image-box.elementor-vertical-align-top .elementor-image-box-wrapper{align-items:flex-start}.elementor-widget-image-box.elementor-vertical-align-middle .elementor-image-box-wrapper{align-items:center}.elementor-widget-image-box.elementor-vertical-align-bottom .elementor-image-box-wrapper{align-items:flex-end}}@media (max-width:767px){.elementor-widget-image-box .elementor-image-box-img{margin-left:auto!important;margin-right:auto!important;margin-bottom:15px}}.elementor-widget-image-box .elementor-image-box-img{display:inline-block}.elementor-widget-image-box .elementor-image-box-title a{color:inherit}.elementor-widget-image-box .elementor-image-box-wrapper{text-align:center}.elementor-widget-image-box .elementor-image-box-description{margin:0}<\/style><div class=\"elementor-image-box-wrapper\"><figure class=\"elementor-image-box-img\"><a href=\"#donate\"><img decoding=\"async\" src=\"https:\/\/idoit4youfoundation.com\/wp-content\/uploads\/elementor\/thumbs\/Tobbszorosen-hatranyos-helyzetu-gyerekek-es-intezmenyek-tamogatasa-r2aab6tdidti0c2km3n41zfairv4pb10mgplgdix0g.jpg\" title=\"T\u00f6bbsz\u00f6r\u00f6sen h\u00e1tr\u00e1nyos helyzet\u0171 gyerekek \u00e9s int\u00e9zm\u00e9nyek t\u00e1mogat\u00e1sa\" alt=\"T\u00f6bbsz\u00f6r\u00f6sen h\u00e1tr\u00e1nyos helyzet\u0171 gyerekek \u00e9s int\u00e9zm\u00e9nyek t\u00e1mogat\u00e1sa\" class=\"elementor-animation-grow\" loading=\"lazy\" \/><\/a><\/figure><div class=\"elementor-image-box-content\"><h3 class=\"elementor-image-box-title\"><a href=\"#donate\">T\u00f6bbsz\u00f6r\u00f6sen h\u00e1tr\u00e1nyos helyzet\u0171 gyerekek \u00e9s int\u00e9zm\u00e9nyek t\u00e1mogat\u00e1sa<\/a><\/h3><p class=\"elementor-image-box-description\">Olyan gyermekeket \u00e9s int\u00e9zm\u00e9nyeket seg\u00edt\u00fcnk, akiknek a mindennapokban is neh\u00e9zs\u00e9gekkel kell szemben\u00e9zni\u00fck. Adom\u00e1nyokkal, programokkal \u00e9s t\u00e1mogat\u00e1ssal igyeksz\u00fcnk szebb j\u00f6v\u0151t biztos\u00edtani sz\u00e1mukra.<\/p><\/div><\/div>\t\t<\/div>\n\t\t\t\t<\/div>\n\t\t\t\t\t<\/div>\n\t\t<\/div>\n\t\t\t\t<div class=\"elementor-column elementor-col-33 elementor-top-column elementor-element elementor-element-f28d63b\" data-id=\"f28d63b\" data-element_type=\"column\">\n\t\t\t<div class=\"elementor-widget-wrap elementor-element-populated\">\n\t\t\t\t\t\t\t\t<div class=\"elementor-element elementor-element-e80cef3 elementor-position-top elementor-widget elementor-widget-image-box\" data-id=\"e80cef3\" data-element_type=\"widget\" data-widget_type=\"image-box.default\">\n\t\t\t\t<div class=\"elementor-widget-container\">\n\t\t\t<div class=\"elementor-image-box-wrapper\"><figure class=\"elementor-image-box-img\"><a href=\"#donate\"><img decoding=\"async\" src=\"https:\/\/idoit4youfoundation.com\/wp-content\/uploads\/elementor\/thumbs\/received_327233006619830-qj8ojd7ijqb889jrgn8j5f7pct9mlqn7iv8sy8b34w.jpeg\" title=\"Z\u00f6ld Programok\" alt=\"Z\u00f6ld Programok\" class=\"elementor-animation-grow\" loading=\"lazy\" \/><\/a><\/figure><div class=\"elementor-image-box-content\"><h3 class=\"elementor-image-box-title\"><a href=\"#donate\">Z\u00f6ld programok \u2013 fa\u00fcltet\u00e9s, szem\u00e9tszed\u00e9s, \u00fajrahasznos\u00edt\u00e1s<\/a><\/h3><p class=\"elementor-image-box-description\">A fenntarthat\u00f3s\u00e1g jegy\u00e9ben akt\u00edvan r\u00e9szt vesz\u00fcnk k\u00f6rnyezet\u00fcnk v\u00e9delm\u00e9ben: f\u00e1kat \u00fcltet\u00fcnk, hullad\u00e9kot gy\u0171jt\u00fcnk, \u00e9s n\u00e9pszer\u0171s\u00edtj\u00fck az \u00fajrahasznos\u00edt\u00e1s fontoss\u00e1g\u00e1t. Egy z\u00f6ldebb j\u00f6v\u0151\u00e9rt dolgozunk!<\/p><\/div><\/div>\t\t<\/div>\n\t\t\t\t<\/div>\n\t\t\t\t\t<\/div>\n\t\t<\/div>\n\t\t\t\t<div class=\"elementor-column elementor-col-33 elementor-top-column elementor-element elementor-element-42473c2\" data-id=\"42473c2\" data-element_type=\"column\">\n\t\t\t<div class=\"elementor-widget-wrap elementor-element-populated\">\n\t\t\t\t\t\t\t\t<div class=\"elementor-element elementor-element-c932122 elementor-position-top elementor-widget elementor-widget-image-box\" data-id=\"c932122\" data-element_type=\"widget\" data-widget_type=\"image-box.default\">\n\t\t\t\t<div class=\"elementor-widget-container\">\n\t\t\t<div class=\"elementor-image-box-wrapper\"><figure class=\"elementor-image-box-img\"><a href=\"#donate\"><img decoding=\"async\" src=\"https:\/\/idoit4youfoundation.com\/wp-content\/uploads\/elementor\/thumbs\/madeline-bowen-O3L9n7_QI70-unsplash-scaled-r26dc6jdueildfsx3efwpn7bn9xjkhlkviannqafts.jpg\" title=\"\u00c1llatment\u00e9s \u00e9s \u00e1llatmenhelyek t\u00e1mogat\u00e1sa\" alt=\"\u00c1llatment\u00e9s \u00e9s \u00e1llatmenhelyek t\u00e1mogat\u00e1sa\" class=\"elementor-animation-grow\" loading=\"lazy\" \/><\/a><\/figure><div class=\"elementor-image-box-content\"><h3 class=\"elementor-image-box-title\"><a href=\"#donate\">\u00c1llatment\u00e9s \u00e9s \u00e1llatmenhelyek t\u00e1mogat\u00e1sa<\/a><\/h3><p class=\"elementor-image-box-description\">Az elhagyott \u00e9s bajba jutott \u00e1llatok\u00e9rt dolgozunk! T\u00e1mogatjuk az \u00e1llatmenhelyeket, seg\u00edt\u00fcnk az \u00f6r\u00f6kbefogad\u00e1sban, \u00e9s felh\u00edvjuk a figyelmet az \u00e1llatv\u00e9delem fontoss\u00e1g\u00e1ra. Mert minden \u00e9let sz\u00e1m\u00edt.<\/p><\/div><\/div>\t\t<\/div>\n\t\t\t\t<\/div>\n\t\t\t\t\t<\/div>\n\t\t<\/div>\n\t\t\t\t\t\t\t<\/div>\n\t\t<\/section>\n\t\t\t\t<section class=\"elementor-section elementor-top-section elementor-element elementor-element-8a64b54 elementor-section-boxed elementor-section-height-default elementor-section-height-default\" data-id=\"8a64b54\" data-element_type=\"section\" data-settings=\"{&quot;background_background&quot;:&quot;classic&quot;}\">\n\t\t\t\t\t\t<div class=\"elementor-container elementor-column-gap-default\">\n\t\t\t\t\t<div class=\"elementor-column elementor-col-33 elementor-top-column elementor-element elementor-element-5c8da6c\" data-id=\"5c8da6c\" data-element_type=\"column\">\n\t\t\t<div class=\"elementor-widget-wrap elementor-element-populated\">\n\t\t\t\t\t\t\t\t<div class=\"elementor-element elementor-element-b671093 elementor-widget elementor-widget-heading\" data-id=\"b671093\" data-element_type=\"widget\" data-widget_type=\"heading.default\">\n\t\t\t\t<div class=\"elementor-widget-container\">\n\t\t\t<h1 class=\"elementor-heading-title elementor-size-default\">Hogyan csatlakozhatsz?<\/h1>\t\t<\/div>\n\t\t\t\t<\/div>\n\t\t\t\t\t<\/div>\n\t\t<\/div>\n\t\t\t\t<div class=\"elementor-column elementor-col-66 elementor-top-column elementor-element elementor-element-b748df3\" data-id=\"b748df3\" data-element_type=\"column\">\n\t\t\t<div class=\"elementor-widget-wrap elementor-element-populated\">\n\t\t\t\t\t\t\t\t<div class=\"elementor-element elementor-element-4b3ac8e elementor-icon-list--layout-traditional elementor-list-item-link-full_width elementor-widget elementor-widget-icon-list\" data-id=\"4b3ac8e\" data-element_type=\"widget\" data-widget_type=\"icon-list.default\">\n\t\t\t\t<div class=\"elementor-widget-container\">\n\t\t\t<link rel=\"stylesheet\" href=\"https:\/\/idoit4youfoundation.com\/wp-content\/plugins\/elementor\/assets\/css\/widget-icon-list.min.css\">\t\t<ul class=\"elementor-icon-list-items\">\n\t\t\t\t\t\t\t<li class=\"elementor-icon-list-item\">\n\t\t\t\t\t\t\t\t\t\t\t<span class=\"elementor-icon-list-icon\">\n\t\t\t\t\t\t\t<i aria-hidden=\"true\" class=\"fas fa-share\"><\/i>\t\t\t\t\t\t<\/span>\n\t\t\t\t\t\t\t\t\t\t<span class=\"elementor-icon-list-text\"><b>Oszd meg a bejegyz\u00e9st \u00e9s l\u00e1jkolj minket:<\/b> <br>Seg\u00edts, hogy min\u00e9l t\u00f6bb emberhez eljusson a kamp\u00e1ny \u00fczenete!<\/span>\n\t\t\t\t\t\t\t\t\t<\/li>\n\t\t\t\t\t\t\t\t<li class=\"elementor-icon-list-item\">\n\t\t\t\t\t\t\t\t\t\t\t<span class=\"elementor-icon-list-icon\">\n\t\t\t\t\t\t\t<i aria-hidden=\"true\" class=\"fas fa-donate\"><\/i>\t\t\t\t\t\t<\/span>\n\t\t\t\t\t\t\t\t\t\t<span class=\"elementor-icon-list-text\"><b>Adakozz: <\/b>Ha lehet\u0151s\u00e9ged van r\u00e1, t\u00e1mogasd az alap\u00edtv\u00e1nyunk honlapj\u00e1n tal\u00e1lhat\u00f3 projekteket vagy j\u00f3t\u00e9konys\u00e1gi szervezeteket<\/span>\n\t\t\t\t\t\t\t\t\t<\/li>\n\t\t\t\t\t\t\t\t<li class=\"elementor-icon-list-item\">\n\t\t\t\t\t\t\t\t\t\t\t<span class=\"elementor-icon-list-icon\">\n\t\t\t\t\t\t\t<i aria-hidden=\"true\" class=\"fas fa-heart\"><\/i>\t\t\t\t\t\t<\/span>\n\t\t\t\t\t\t\t\t\t\t<span class=\"elementor-icon-list-text\"><b>Oszd meg a j\u00f3t\u00e9konys\u00e1gi tetteidet: <\/b>K\u00fcldd el nek\u00fcnk \u00fczenetben, vagy k\u00e9sz\u00edts kis vide\u00f3t arr\u00f3l, hogyan seg\u00edtesz, hogyan hajtod v\u00e9gre a j\u00f3cselekedeteidet , l\u00e9gy kreat\u00edv jelen\u00edtsd meg az alap\u00edtv\u00e1nyunk log\u00f3j\u00e1t is!<\/span>\n\t\t\t\t\t\t\t\t\t<\/li>\n\t\t\t\t\t\t<\/ul>\n\t\t\t\t<\/div>\n\t\t\t\t<\/div>\n\t\t\t\t\t<\/div>\n\t\t<\/div>\n\t\t\t\t\t\t\t<\/div>\n\t\t<\/section>\n\t\t\t\t<section class=\"elementor-section elementor-top-section elementor-element elementor-element-2ea7222 elementor-section-boxed elementor-section-height-default elementor-section-height-default\" data-id=\"2ea7222\" data-element_type=\"section\" id=\"donate\">\n\t\t\t\t\t\t<div class=\"elementor-container elementor-column-gap-default\">\n\t\t\t\t\t<div class=\"elementor-column elementor-col-100 elementor-top-column elementor-element elementor-element-858e3a1\" data-id=\"858e3a1\" data-element_type=\"column\">\n\t\t\t<div class=\"elementor-widget-wrap elementor-element-populated\">\n\t\t\t\t\t\t\t\t<div class=\"elementor-element elementor-element-180e903 elementor-cta--layout-image-left elementor-cta--mobile-layout-image-above elementor-cta--skin-classic elementor-animated-content elementor-bg-transform elementor-bg-transform-zoom-in elementor-widget elementor-widget-call-to-action\" data-id=\"180e903\" data-element_type=\"widget\" data-widget_type=\"call-to-action.default\">\n\t\t\t\t<div class=\"elementor-widget-container\">\n\t\t\t<link rel=\"stylesheet\" href=\"https:\/\/idoit4youfoundation.com\/wp-content\/plugins\/elementor-pro\/assets\/css\/widget-call-to-action.min.css\">\t\t<a class=\"elementor-cta\" href=\"https:\/\/buy.stripe.com\/eVadTn92U4By45GbII\">\n\t\t\t\t\t<div class=\"elementor-cta__bg-wrapper\">\n\t\t\t\t<div class=\"elementor-cta__bg elementor-bg\" style=\"background-image: url(https:\/\/idoit4youfoundation.com\/wp-content\/uploads\/2025\/02\/3days3acts-cover.png);\" role=\"img\" aria-label=\"3days3acts cover\"><\/div>\n\t\t\t\t<div class=\"elementor-cta__bg-overlay\"><\/div>\n\t\t\t<\/div>\n\t\t\t\t\t\t\t<div class=\"elementor-cta__content\">\n\t\t\t\t\n\t\t\t\t\t\t\t\t\t<h1 class=\"elementor-cta__title elementor-cta__content-item elementor-content-item\">\n\t\t\t\t\t\tADAKOZZ EGY J\u00d3 C\u00c9L \u00c9RDEK\u00c9BEN!\t\t\t\t\t<\/h1>\n\t\t\t\t\n\t\t\t\t\t\t\t\t\t<div class=\"elementor-cta__description elementor-cta__content-item elementor-content-item\">\n\t\t\t\t\t\tAz \u00f6sszegy\u0171lt adom\u00e1nyokat k\u00f6z\u00f6sen d\u00f6ntj\u00fck el, hogyan osszuk sz\u00e9t a h\u00e1rom fontos c\u00e9l\nk\u00f6z\u00f6tt.\t\t\t\t\t<\/div>\n\t\t\t\t\n\t\t\t\t\t\t\t\t\t<div class=\"elementor-cta__button-wrapper elementor-cta__content-item elementor-content-item\">\n\t\t\t\t\t<span class=\"elementor-cta__button elementor-button elementor-size-lg\">\n\t\t\t\t\t\tADOM\u00c1NYOZOK\t\t\t\t\t<\/span>\n\t\t\t\t\t<\/div>\n\t\t\t\t\t\t\t<\/div>\n\t\t\t\t\t\t<\/a>\n\t\t\t\t<\/div>\n\t\t\t\t<\/div>\n\t\t\t\t\t<\/div>\n\t\t<\/div>\n\t\t\t\t\t\t\t<\/div>\n\t\t<\/section>\n\t\t\t\t\t\t\t<\/div>","protected":false},"excerpt":{"rendered":"<p>CSATLAKOZZ A J\u00d3T\u00c9KONYS\u00c1GI KAMP\u00c1NYHOZ! Az I do it 4 You Foundation \u00e9s az \u00c9rted Teszem Alap\u00edtv\u00e1ny egy k\u00fcl\u00f6nleges j\u00f3t\u00e9konys\u00e1gikamp\u00e1nyt hirdet, amelyhez b\u00e1rki csatlakozhat! Legy\u00e9l r\u00e9sze te is, bar\u00e1taiddal, koll\u00e9g\u00e1iddal,iskolat\u00e1rsaiddal, vagy ak\u00e1r c\u00e9geddel, \u00e9s t\u00e1mogass h\u00e1rom fontos c\u00e9lt h\u00e1rom napon kereszt\u00fcl! A KAMP\u00c1NY C\u00c9LJA H\u00e1rom nap alatt h\u00e1rom j\u00f3cselekedet v\u00e9grehajt\u00e1sa, vagy h\u00e1rom j\u00f3t\u00e9kony c\u00e9l t\u00e1mogat\u00e1sa. A &#8230; <a title=\"3Days3Acts\" class=\"read-more\" href=\"https:\/\/idoit4youfoundation.com\/ro\/3days3acts\/\" aria-label=\"More on 3Days3Acts\">Read more<\/a><\/p>","protected":false},"author":1,"featured_media":0,"parent":0,"menu_order":0,"comment_status":"closed","ping_status":"closed","template":"elementor_header_footer","meta":{"footnotes":""},"class_list":["post-1859","page","type-page","status-publish"],"_links":{"self":[{"href":"https:\/\/idoit4youfoundation.com\/ro\/wp-json\/wp\/v2\/pages\/1859","targetHints":{"allow":["GET"]}}],"collection":[{"href":"https:\/\/idoit4youfoundation.com\/ro\/wp-json\/wp\/v2\/pages"}],"about":[{"href":"https:\/\/idoit4youfoundation.com\/ro\/wp-json\/wp\/v2\/types\/page"}],"author":[{"embeddable":true,"href":"https:\/\/idoit4youfoundation.com\/ro\/wp-json\/wp\/v2\/users\/1"}],"replies":[{"embeddable":true,"href":"https:\/\/idoit4youfoundation.com\/ro\/wp-json\/wp\/v2\/comments?post=1859"}],"version-history":[{"count":81,"href":"https:\/\/idoit4youfoundation.com\/ro\/wp-json\/wp\/v2\/pages\/1859\/revisions"}],"predecessor-version":[{"id":1956,"href":"https:\/\/idoit4youfoundation.com\/ro\/wp-json\/wp\/v2\/pages\/1859\/revisions\/1956"}],"wp:attachment":[{"href":"https:\/\/idoit4youfoundation.com\/ro\/wp-json\/wp\/v2\/media?parent=1859"}],"curies":[{"name":"wp","href":"https:\/\/api.w.org\/{rel}","templated":true}]}}